{"id":560,"date":"2022-06-22T01:35:34","date_gmt":"2022-06-21T23:35:34","guid":{"rendered":"https:\/\/restaurantalfa.de\/?page_id=560"},"modified":"2024-01-04T22:40:10","modified_gmt":"2024-01-04T21:40:10","slug":"karriere","status":"publish","type":"page","link":"http:\/\/restaurantalfa.de\/en\/karriere\/","title":{"rendered":"Karriere"},"content":{"rendered":"<div data-elementor-type=\"wp-page\" data-elementor-id=\"560\" class=\"elementor elementor-560\" data-elementor-post-type=\"page\">\n\t\t\t\t\t\t<section class=\"elementor-section elementor-top-section elementor-element elementor-element-16d7d74 elementor-section-boxed elementor-section-height-default elementor-section-height-default\" data-id=\"16d7d74\" data-element_type=\"section\">\n\t\t\t\t\t\t<div class=\"elementor-container elementor-column-gap-default\">\n\t\t\t\t\t<div class=\"elementor-column elementor-col-100 elementor-top-column elementor-element elementor-element-cba1f34\" data-id=\"cba1f34\" data-element_type=\"column\">\n\t\t\t<div class=\"elementor-widget-wrap elementor-element-populated\">\n\t\t\t\t\t\t<div class=\"elementor-element elementor-element-708cc68 opener elementor-invisible elementor-widget elementor-widget-heading\" data-id=\"708cc68\" data-element_type=\"widget\" data-settings=\"{&quot;_animation&quot;:&quot;fadeInLeft&quot;}\" data-widget_type=\"heading.default\">\n\t\t\t\t<div class=\"elementor-widget-container\">\n\t\t\t\t\t<h1 class=\"elementor-heading-title elementor-size-default\">Jobs<\/h1>\t\t\t\t<\/div>\n\t\t\t\t<\/div>\n\t\t\t\t<div class=\"elementor-element elementor-element-9956f6e elementor-widget elementor-widget-spacer\" data-id=\"9956f6e\" data-element_type=\"widget\" data-widget_type=\"spacer.default\">\n\t\t\t\t<div class=\"elementor-widget-container\">\n\t\t\t\t\t\t\t<div class=\"elementor-spacer\">\n\t\t\t<div class=\"elementor-spacer-inner\"><\/div>\n\t\t<\/div>\n\t\t\t\t\t\t<\/div>\n\t\t\t\t<\/div>\n\t\t\t\t<div class=\"elementor-element elementor-element-eef8097 elementor-widget elementor-widget-toggle\" data-id=\"eef8097\" data-element_type=\"widget\" data-widget_type=\"toggle.default\">\n\t\t\t\t<div class=\"elementor-widget-container\">\n\t\t\t\t\t\t\t<div class=\"elementor-toggle\">\n\t\t\t\t\t\t\t<div class=\"elementor-toggle-item\">\n\t\t\t\t\t<div id=\"elementor-tab-title-2501\" class=\"elementor-tab-title\" data-tab=\"1\" role=\"button\" aria-controls=\"elementor-tab-content-2501\" aria-expanded=\"false\">\n\t\t\t\t\t\t\t\t\t\t\t\t<span class=\"elementor-toggle-icon elementor-toggle-icon-right\" aria-hidden=\"true\">\n\t\t\t\t\t\t\t\t\t\t\t\t\t\t\t<span class=\"elementor-toggle-icon-closed\"><i class=\"fas fa-caret-right\"><\/i><\/span>\n\t\t\t\t\t\t\t\t<span class=\"elementor-toggle-icon-opened\"><i class=\"elementor-toggle-icon-opened fas fa-caret-up\"><\/i><\/span>\n\t\t\t\t\t\t\t\t\t\t\t\t\t<\/span>\n\t\t\t\t\t\t\t\t\t\t\t\t<a class=\"elementor-toggle-title\" tabindex=\"0\">SERVICE PERSON M\/F\/D\u200b<\/a>\n\t\t\t\t\t<\/div>\n\n\t\t\t\t\t<div id=\"elementor-tab-content-2501\" class=\"elementor-tab-content elementor-clearfix\" data-tab=\"1\" role=\"region\" aria-labelledby=\"elementor-tab-title-2501\"><p>F\u00fcr unser Restaurant in Der N\u00e4he vom Zentrum Leipzig, suchen wir zur Verst\u00e4rkung unseres Teams eine Servicekraft (m\/w\/d), gerne mit Berufserfahrung, die unser Team zuverl\u00e4ssig unterst\u00fctzt.<\/p><p><b>Ab wann?<br \/><\/b>Ab Sofort in <span style=\"font-style: inherit; font-weight: inherit;\">Vollzeit \/ Teilzeit \/ Student \/ Au<\/span><span style=\"font-style: inherit; font-weight: inherit;\">shilfe<br \/><br \/><\/span><strong>Was wir bieten<br \/><\/strong>\u2013 attraktive Verg\u00fctung<br \/>\u2013 kostenloses bzw. verg\u00fcnstigtes Essen<br \/>\u2013 Trinkgeld fair aufgeteilt<br \/>\u2013 ggf. Unterkunft wird gestellt<br \/>\u2013 Parkpl\u00e4tze nach Absprache<\/p><p><strong>Was wir erwarten<br \/><\/strong>\u2013 eine erfolgreich abgeschlossene Ausbildung in der Gastronomie oder erste Berufserfahrungen<br \/>\u2013 freundliches und sicheres Auftreten mit einem L\u00e4cheln auch in stressigen Situationen<br \/>\u2013 selbstst\u00e4ndiges Arbeiten<br \/>\u2013 Bereitschaft zu Schicht- und Wochenendarbeit<br \/><br \/>Bei Interesse bewirb dich gerne per Mail <a href=\"mailto:info@restaurantalfa.de\">info@restaurantalfa.de<\/a> mit einer kurzen Beschreibung zu Dir. Wir melden uns dann umgehen bei dir. Danke dir!<\/p><\/div>\n\t\t\t\t<\/div>\n\t\t\t\t\t\t\t<div class=\"elementor-toggle-item\">\n\t\t\t\t\t<div id=\"elementor-tab-title-2502\" class=\"elementor-tab-title\" data-tab=\"2\" role=\"button\" aria-controls=\"elementor-tab-content-2502\" aria-expanded=\"false\">\n\t\t\t\t\t\t\t\t\t\t\t\t<span class=\"elementor-toggle-icon elementor-toggle-icon-right\" aria-hidden=\"true\">\n\t\t\t\t\t\t\t\t\t\t\t\t\t\t\t<span class=\"elementor-toggle-icon-closed\"><i class=\"fas fa-caret-right\"><\/i><\/span>\n\t\t\t\t\t\t\t\t<span class=\"elementor-toggle-icon-opened\"><i class=\"elementor-toggle-icon-opened fas fa-caret-up\"><\/i><\/span>\n\t\t\t\t\t\t\t\t\t\t\t\t\t<\/span>\n\t\t\t\t\t\t\t\t\t\t\t\t<a class=\"elementor-toggle-title\" tabindex=\"0\">BARKEEPER M\/F\/D\u200b<\/a>\n\t\t\t\t\t<\/div>\n\n\t\t\t\t\t<div id=\"elementor-tab-content-2502\" class=\"elementor-tab-content elementor-clearfix\" data-tab=\"2\" role=\"region\" aria-labelledby=\"elementor-tab-title-2502\"><p>F\u00fcr unser Restaurant in Der N\u00e4he vom Zentrum Leipzig, suchen wir zur Verst\u00e4rkung unseres Teams einen Barkeeper (m\/w\/d), gerne mit Berufserfahrung, die unser Team zuverl\u00e4ssig unterst\u00fctzt.<\/p><p><b>Ab wann?<br \/><\/b>Ab Sofort in <span style=\"font-style: inherit; font-weight: inherit;\">Vollzeit \/ Teilzeit \/ Student \/ Au<\/span><span style=\"font-style: inherit; font-weight: inherit;\">shilfe<\/span><\/p><p><strong>Was wir bieten<br \/><\/strong>\u2013 attraktive Verg\u00fctung<br \/>\u2013 kostenloses bzw. verg\u00fcnstigtes Essen<br \/>\u2013 Trinkgeld fair aufgeteilt<br \/>\u2013 ggf. Unterkunft wird gestellt<br \/>\u2013 Parkpl\u00e4tze nach Absprache<\/p><p><strong>Was wir erwarten<br \/><\/strong>\u2013 eine erfolgreich abgeschlossene Ausbildung in der Gastronomie oder erste Berufserfahrungen<br \/>\u2013 freundliches und sicheres Auftreten mit einem L\u00e4cheln auch in stressigen Situationen<br \/>\u2013 selbstst\u00e4ndiges Arbeiten<br \/>\u2013 Bereitschaft zu Schicht- und Wochenendarbeit<br \/><br \/>Bei Interesse bewirb dich gerne per Mail <a href=\"mailto:info@restaurantalfa.de\">info@restaurantalfa.de<\/a> mit einer kurzen Beschreibung zu Dir. Wir melden uns dann umgehen bei dir. Danke dir!<\/p><\/div>\n\t\t\t\t<\/div>\n\t\t\t\t\t\t\t\t<\/div>\n\t\t\t\t\t\t<\/div>\n\t\t\t\t<\/div>\n\t\t\t\t\t<\/div>\n\t\t<\/div>\n\t\t\t\t\t<\/div>\n\t\t<\/section>\n\t\t\t\t<\/div>","protected":false},"excerpt":{"rendered":"<p>Aktuelle Jobs SERVICEKRAFT M\/W\/D\u200b F\u00fcr unser Restaurant in Der N\u00e4he vom Zentrum Leipzig, suchen wir zur Verst\u00e4rkung unseres Teams eine Servicekraft (m\/w\/d), gerne mit Berufserfahrung, die unser Team zuverl\u00e4ssig unterst\u00fctzt. Ab wann?Ab Sofort in Vollzeit \/ Teilzeit \/ Student \/ Aushilfe Was wir bieten\u2013 attraktive Verg\u00fctung\u2013 kostenloses bzw. verg\u00fcnstigtes Essen\u2013 Trinkgeld fair aufgeteilt\u2013 ggf. Unterkunft [&hellip;]<\/p>","protected":false},"author":1,"featured_media":0,"parent":0,"menu_order":0,"comment_status":"closed","ping_status":"closed","template":"","meta":{"inline_featured_image":false,"site-sidebar-layout":"no-sidebar","site-content-layout":"page-builder","ast-site-content-layout":"","site-content-style":"default","site-sidebar-style":"default","ast-global-header-display":"","ast-banner-title-visibility":"","ast-main-header-display":"","ast-hfb-above-header-display":"","ast-hfb-below-header-display":"","ast-hfb-mobile-header-display":"","site-post-title":"disabled","ast-breadcrumbs-content":"","ast-featured-img":"disabled","footer-sml-layout":"","theme-transparent-header-meta":"","adv-header-id-meta":"","stick-header-meta":"","header-above-stick-meta":"","header-main-stick-meta":"","header-below-stick-meta":"","astra-migrate-meta-layouts":"default","ast-page-background-enabled":"default","ast-page-background-meta":{"desktop":{"background-color":"var(--ast-global-color-4)","background-image":"","background-repeat":"repeat","background-position":"center center","background-size":"auto","background-attachment":"scroll","background-type":"","background-media":"","overlay-type":"","overlay-color":"","overlay-opacity":"","overlay-gradient":""},"tablet":{"background-color":"","background-image":"","background-repeat":"repeat","background-position":"center center","background-size":"auto","background-attachment":"scroll","background-type":"","background-media":"","overlay-type":"","overlay-color":"","overlay-opacity":"","overlay-gradient":""},"mobile":{"background-color":"","background-image":"","background-repeat":"repeat","background-position":"center center","background-size":"auto","background-attachment":"scroll","background-type":"","background-media":"","overlay-type":"","overlay-color":"","overlay-opacity":"","overlay-gradient":""}},"ast-content-background-meta":{"desktop":{"background-color":"var(--ast-global-color-5)","background-image":"","background-repeat":"repeat","background-position":"center center","background-size":"auto","background-attachment":"scroll","background-type":"","background-media":"","overlay-type":"","overlay-color":"","overlay-opacity":"","overlay-gradient":""},"tablet":{"background-color":"var(--ast-global-color-5)","background-image":"","background-repeat":"repeat","background-position":"center center","background-size":"auto","background-attachment":"scroll","background-type":"","background-media":"","overlay-type":"","overlay-color":"","overlay-opacity":"","overlay-gradient":""},"mobile":{"background-color":"var(--ast-global-color-5)","background-image":"","background-repeat":"repeat","background-position":"center center","background-size":"auto","background-attachment":"scroll","background-type":"","background-media":"","overlay-type":"","overlay-color":"","overlay-opacity":"","overlay-gradient":""}},"footnotes":""},"class_list":["post-560","page","type-page","status-publish","hentry"],"yoast_head":"<!-- This site is optimized with the Yoast SEO plugin v24.2 - https:\/\/yoast.com\/wordpress\/plugins\/seo\/ -->\n<title>Karriere - ALFA Restaurant<\/title>\n<meta name=\"robots\" content=\"index, follow, max-snippet:-1, max-image-preview:large, max-video-preview:-1\" \/>\n<link rel=\"canonical\" href=\"https:\/\/restaurantalfa.de\/en\/karriere\/\" \/>\n<meta property=\"og:locale\" content=\"en_US\" \/>\n<meta property=\"og:type\" content=\"article\" \/>\n<meta property=\"og:title\" content=\"Karriere - ALFA Restaurant\" \/>\n<meta property=\"og:description\" content=\"Aktuelle Jobs SERVICEKRAFT M\/W\/D\u200b F\u00fcr unser Restaurant in Der N\u00e4he vom Zentrum Leipzig, suchen wir zur Verst\u00e4rkung unseres Teams eine Servicekraft (m\/w\/d), gerne mit Berufserfahrung, die unser Team zuverl\u00e4ssig unterst\u00fctzt. Ab wann?Ab Sofort in Vollzeit \/ Teilzeit \/ Student \/ Aushilfe Was wir bieten\u2013 attraktive Verg\u00fctung\u2013 kostenloses bzw. verg\u00fcnstigtes Essen\u2013 Trinkgeld fair aufgeteilt\u2013 ggf. Unterkunft [&hellip;]\" \/>\n<meta property=\"og:url\" content=\"https:\/\/restaurantalfa.de\/en\/karriere\/\" \/>\n<meta property=\"og:site_name\" content=\"ALFA Restaurant\" \/>\n<meta property=\"article:modified_time\" content=\"2024-01-04T21:40:10+00:00\" \/>\n<meta name=\"twitter:card\" content=\"summary_large_image\" \/>\n<meta name=\"twitter:label1\" content=\"Est. reading time\" \/>\n\t<meta name=\"twitter:data1\" content=\"2 minutes\" \/>\n<script type=\"application\/ld+json\" class=\"yoast-schema-graph\">{\"@context\":\"https:\/\/schema.org\",\"@graph\":[{\"@type\":\"WebPage\",\"@id\":\"https:\/\/restaurantalfa.de\/karriere\/\",\"url\":\"https:\/\/restaurantalfa.de\/karriere\/\",\"name\":\"Karriere - ALFA Restaurant\",\"isPartOf\":{\"@id\":\"https:\/\/restaurantalfa.de\/#website\"},\"datePublished\":\"2022-06-21T23:35:34+00:00\",\"dateModified\":\"2024-01-04T21:40:10+00:00\",\"breadcrumb\":{\"@id\":\"https:\/\/restaurantalfa.de\/karriere\/#breadcrumb\"},\"inLanguage\":\"en-US\",\"potentialAction\":[{\"@type\":\"ReadAction\",\"target\":[\"https:\/\/restaurantalfa.de\/karriere\/\"]}]},{\"@type\":\"BreadcrumbList\",\"@id\":\"https:\/\/restaurantalfa.de\/karriere\/#breadcrumb\",\"itemListElement\":[{\"@type\":\"ListItem\",\"position\":1,\"name\":\"Startseite\",\"item\":\"https:\/\/restaurantalfa.de\/\"},{\"@type\":\"ListItem\",\"position\":2,\"name\":\"Karriere\"}]},{\"@type\":\"WebSite\",\"@id\":\"https:\/\/restaurantalfa.de\/#website\",\"url\":\"https:\/\/restaurantalfa.de\/\",\"name\":\"ALFA Restaurant\",\"description\":\"Griechisch &amp; Mediterran Restaurant in Leipzig\",\"publisher\":{\"@id\":\"https:\/\/restaurantalfa.de\/#organization\"},\"potentialAction\":[{\"@type\":\"SearchAction\",\"target\":{\"@type\":\"EntryPoint\",\"urlTemplate\":\"https:\/\/restaurantalfa.de\/?s={search_term_string}\"},\"query-input\":{\"@type\":\"PropertyValueSpecification\",\"valueRequired\":true,\"valueName\":\"search_term_string\"}}],\"inLanguage\":\"en-US\"},{\"@type\":\"Organization\",\"@id\":\"https:\/\/restaurantalfa.de\/#organization\",\"name\":\"ALFA Restaurant\",\"url\":\"https:\/\/restaurantalfa.de\/\",\"logo\":{\"@type\":\"ImageObject\",\"inLanguage\":\"en-US\",\"@id\":\"https:\/\/restaurantalfa.de\/#\/schema\/logo\/image\/\",\"url\":\"https:\/\/restaurantalfa.de\/wp-content\/uploads\/2021\/12\/alfa-logo-1.png\",\"contentUrl\":\"https:\/\/restaurantalfa.de\/wp-content\/uploads\/2021\/12\/alfa-logo-1.png\",\"width\":587,\"height\":434,\"caption\":\"ALFA Restaurant\"},\"image\":{\"@id\":\"https:\/\/restaurantalfa.de\/#\/schema\/logo\/image\/\"}}]}<\/script>\n<!-- \/ Yoast SEO plugin. -->","yoast_head_json":{"title":"Karriere - ALFA Restaurant","robots":{"index":"index","follow":"follow","max-snippet":"max-snippet:-1","max-image-preview":"max-image-preview:large","max-video-preview":"max-video-preview:-1"},"canonical":"https:\/\/restaurantalfa.de\/en\/karriere\/","og_locale":"en_US","og_type":"article","og_title":"Karriere - ALFA Restaurant","og_description":"Aktuelle Jobs SERVICEKRAFT M\/W\/D\u200b F\u00fcr unser Restaurant in Der N\u00e4he vom Zentrum Leipzig, suchen wir zur Verst\u00e4rkung unseres Teams eine Servicekraft (m\/w\/d), gerne mit Berufserfahrung, die unser Team zuverl\u00e4ssig unterst\u00fctzt. Ab wann?Ab Sofort in Vollzeit \/ Teilzeit \/ Student \/ Aushilfe Was wir bieten\u2013 attraktive Verg\u00fctung\u2013 kostenloses bzw. verg\u00fcnstigtes Essen\u2013 Trinkgeld fair aufgeteilt\u2013 ggf. Unterkunft [&hellip;]","og_url":"https:\/\/restaurantalfa.de\/en\/karriere\/","og_site_name":"ALFA Restaurant","article_modified_time":"2024-01-04T21:40:10+00:00","twitter_card":"summary_large_image","twitter_misc":{"Est. reading time":"2 minutes"},"schema":{"@context":"https:\/\/schema.org","@graph":[{"@type":"WebPage","@id":"https:\/\/restaurantalfa.de\/karriere\/","url":"https:\/\/restaurantalfa.de\/karriere\/","name":"Karriere - ALFA Restaurant","isPartOf":{"@id":"https:\/\/restaurantalfa.de\/#website"},"datePublished":"2022-06-21T23:35:34+00:00","dateModified":"2024-01-04T21:40:10+00:00","breadcrumb":{"@id":"https:\/\/restaurantalfa.de\/karriere\/#breadcrumb"},"inLanguage":"en-US","potentialAction":[{"@type":"ReadAction","target":["https:\/\/restaurantalfa.de\/karriere\/"]}]},{"@type":"BreadcrumbList","@id":"https:\/\/restaurantalfa.de\/karriere\/#breadcrumb","itemListElement":[{"@type":"ListItem","position":1,"name":"Startseite","item":"https:\/\/restaurantalfa.de\/"},{"@type":"ListItem","position":2,"name":"Karriere"}]},{"@type":"WebSite","@id":"https:\/\/restaurantalfa.de\/#website","url":"https:\/\/restaurantalfa.de\/","name":"ALFA Restaurant","description":"Griechisch &amp; Mediterran Restaurant in Leipzig","publisher":{"@id":"https:\/\/restaurantalfa.de\/#organization"},"potentialAction":[{"@type":"SearchAction","target":{"@type":"EntryPoint","urlTemplate":"https:\/\/restaurantalfa.de\/?s={search_term_string}"},"query-input":{"@type":"PropertyValueSpecification","valueRequired":true,"valueName":"search_term_string"}}],"inLanguage":"en-US"},{"@type":"Organization","@id":"https:\/\/restaurantalfa.de\/#organization","name":"ALFA Restaurant","url":"https:\/\/restaurantalfa.de\/","logo":{"@type":"ImageObject","inLanguage":"en-US","@id":"https:\/\/restaurantalfa.de\/#\/schema\/logo\/image\/","url":"https:\/\/restaurantalfa.de\/wp-content\/uploads\/2021\/12\/alfa-logo-1.png","contentUrl":"https:\/\/restaurantalfa.de\/wp-content\/uploads\/2021\/12\/alfa-logo-1.png","width":587,"height":434,"caption":"ALFA Restaurant"},"image":{"@id":"https:\/\/restaurantalfa.de\/#\/schema\/logo\/image\/"}}]}},"_links":{"self":[{"href":"http:\/\/restaurantalfa.de\/en\/wp-json\/wp\/v2\/pages\/560","targetHints":{"allow":["GET"]}}],"collection":[{"href":"http:\/\/restaurantalfa.de\/en\/wp-json\/wp\/v2\/pages"}],"about":[{"href":"http:\/\/restaurantalfa.de\/en\/wp-json\/wp\/v2\/types\/page"}],"author":[{"embeddable":true,"href":"http:\/\/restaurantalfa.de\/en\/wp-json\/wp\/v2\/users\/1"}],"replies":[{"embeddable":true,"href":"http:\/\/restaurantalfa.de\/en\/wp-json\/wp\/v2\/comments?post=560"}],"version-history":[{"count":3,"href":"http:\/\/restaurantalfa.de\/en\/wp-json\/wp\/v2\/pages\/560\/revisions"}],"predecessor-version":[{"id":800,"href":"http:\/\/restaurantalfa.de\/en\/wp-json\/wp\/v2\/pages\/560\/revisions\/800"}],"wp:attachment":[{"href":"http:\/\/restaurantalfa.de\/en\/wp-json\/wp\/v2\/media?parent=560"}],"curies":[{"name":"wp","href":"https:\/\/api.w.org\/{rel}","templated":true}]}}