{"id":143,"date":"2021-12-15T19:53:05","date_gmt":"2021-12-15T18:53:05","guid":{"rendered":"http:\/\/restaurantalfa.de\/?page_id=143"},"modified":"2022-06-22T01:56:20","modified_gmt":"2022-06-21T23:56:20","slug":"ueberuns","status":"publish","type":"page","link":"https:\/\/restaurantalfa.de\/en\/ueberuns\/","title":{"rendered":"About Us"},"content":{"rendered":"<div data-elementor-type=\"wp-page\" data-elementor-id=\"143\" class=\"elementor elementor-143\" data-elementor-post-type=\"page\">\n\t\t\t\t\t\t<section class=\"elementor-section elementor-top-section elementor-element elementor-element-d7b2239 elementor-section-boxed elementor-section-height-default elementor-section-height-default\" data-id=\"d7b2239\" data-element_type=\"section\">\n\t\t\t\t\t\t<div class=\"elementor-container elementor-column-gap-default\">\n\t\t\t\t\t<div class=\"elementor-column elementor-col-100 elementor-top-column elementor-element elementor-element-3d0a4f2\" data-id=\"3d0a4f2\" data-element_type=\"column\">\n\t\t\t<div class=\"elementor-widget-wrap elementor-element-populated\">\n\t\t\t\t\t\t<div class=\"elementor-element elementor-element-ba236ca opener elementor-widget elementor-widget-heading\" data-id=\"ba236ca\" data-element_type=\"widget\" data-widget_type=\"heading.default\">\n\t\t\t\t<div class=\"elementor-widget-container\">\n\t\t\t\t\t<h1 class=\"elementor-heading-title elementor-size-default\">Philosopy<\/h1>\t\t\t\t<\/div>\n\t\t\t\t<\/div>\n\t\t\t\t\t<\/div>\n\t\t<\/div>\n\t\t\t\t\t<\/div>\n\t\t<\/section>\n\t\t\t\t<section class=\"elementor-section elementor-top-section elementor-element elementor-element-5aa56c4 elementor-section-boxed elementor-section-height-default elementor-section-height-default\" data-id=\"5aa56c4\" data-element_type=\"section\">\n\t\t\t\t\t\t<div class=\"elementor-container elementor-column-gap-default\">\n\t\t\t\t\t<div class=\"elementor-column elementor-col-50 elementor-top-column elementor-element elementor-element-655eb1e\" data-id=\"655eb1e\" data-element_type=\"column\">\n\t\t\t<div class=\"elementor-widget-wrap elementor-element-populated\">\n\t\t\t\t\t\t<div class=\"elementor-element elementor-element-f8077c3 elementor-widget elementor-widget-text-editor\" data-id=\"f8077c3\" data-element_type=\"widget\" data-widget_type=\"text-editor.default\">\n\t\t\t\t<div class=\"elementor-widget-container\">\n\t\t\t\t\t\t\t\t\t<p>Let yourself be enchanted by our Greek cuisine. Let us spoil you with our delicious dishes and a comprehensive selection of refreshing drinks. Try the salads or the varied regional dishes, created with love by our chefs. In the afternoon, many people come to us for the baklava or the dessert. Also a treat as a dessert! We look forward to welcoming you for lunch or dinner in a great atmosphere! We offer you free WiFi, with which you are always well informed when you are out and about. To keep your offspring busy before and after the meal, we have set up a varied children's corner with many activities for your little ones.<\/p>\t\t\t\t\t\t\t\t<\/div>\n\t\t\t\t<\/div>\n\t\t\t\t<div class=\"elementor-element elementor-element-0c850f0 elementor-widget elementor-widget-heading\" data-id=\"0c850f0\" data-element_type=\"widget\" data-widget_type=\"heading.default\">\n\t\t\t\t<div class=\"elementor-widget-container\">\n\t\t\t\t\t<h2 class=\"elementor-heading-title elementor-size-default\">Diets and special nutrition<\/h2>\t\t\t\t<\/div>\n\t\t\t\t<\/div>\n\t\t\t\t<div class=\"elementor-element elementor-element-8c17c1f elementor-widget elementor-widget-text-editor\" data-id=\"8c17c1f\" data-element_type=\"widget\" data-widget_type=\"text-editor.default\">\n\t\t\t\t<div class=\"elementor-widget-container\">\n\t\t\t\t\t\t\t\t\t<p>Did you know what vegan and vegetarian cuisine has to offer? Even your friends can convince you of this! We want to make it as easy as possible for you to always keep an eye on your health when eating and to raise your awareness of how delicious healthy food can be.<\/p>\t\t\t\t\t\t\t\t<\/div>\n\t\t\t\t<\/div>\n\t\t\t\t<div class=\"elementor-element elementor-element-4ec4cab elementor-widget elementor-widget-heading\" data-id=\"4ec4cab\" data-element_type=\"widget\" data-widget_type=\"heading.default\">\n\t\t\t\t<div class=\"elementor-widget-container\">\n\t\t\t\t\t<h2 class=\"elementor-heading-title elementor-size-default\">Take away and delivery<\/h2>\t\t\t\t<\/div>\n\t\t\t\t<\/div>\n\t\t\t\t<div class=\"elementor-element elementor-element-c2f68bc elementor-widget elementor-widget-text-editor\" data-id=\"c2f68bc\" data-element_type=\"widget\" data-widget_type=\"text-editor.default\">\n\t\t\t\t<div class=\"elementor-widget-container\">\n\t\t\t\t\t\t\t\t\t<p>By the way, you can also come to us by car. We have free parking for you. Simply use our practical online reservation. Pay us easily either in cash or with Apple Pay, debit card, EC card, MasterCard, Maestro, contactless payment or VISA. Of course we can also pack your dishes to take away. We are open daily from 11:30 a.m. to 11:00 p.m.<\/p>\t\t\t\t\t\t\t\t<\/div>\n\t\t\t\t<\/div>\n\t\t\t\t\t<\/div>\n\t\t<\/div>\n\t\t\t\t<div class=\"elementor-column elementor-col-50 elementor-top-column elementor-element elementor-element-95de981\" data-id=\"95de981\" data-element_type=\"column\">\n\t\t\t<div class=\"elementor-widget-wrap elementor-element-populated\">\n\t\t\t\t\t\t<div class=\"elementor-element elementor-element-c51ed86 elementor-widget elementor-widget-image\" data-id=\"c51ed86\" data-element_type=\"widget\" data-settings=\"{&quot;sticky&quot;:&quot;top&quot;,&quot;sticky_offset&quot;:50,&quot;sticky_effects_offset&quot;:50,&quot;sticky_parent&quot;:&quot;yes&quot;,&quot;sticky_on&quot;:[&quot;desktop&quot;,&quot;tablet&quot;,&quot;mobile&quot;],&quot;sticky_anchor_link_offset&quot;:0}\" data-widget_type=\"image.default\">\n\t\t\t\t<div class=\"elementor-widget-container\">\n\t\t\t\t\t\t\t\t\t\t\t\t\t\t\t<img fetchpriority=\"high\" decoding=\"async\" width=\"768\" height=\"1024\" src=\"https:\/\/restaurantalfa.de\/wp-content\/uploads\/2021\/12\/4e10fd0a-d8de-464e-9e85-0fc664868946.jpg\" class=\"attachment-large size-large wp-image-57\" alt=\"Janis\" srcset=\"https:\/\/restaurantalfa.de\/wp-content\/uploads\/2021\/12\/4e10fd0a-d8de-464e-9e85-0fc664868946.jpg 768w, https:\/\/restaurantalfa.de\/wp-content\/uploads\/2021\/12\/4e10fd0a-d8de-464e-9e85-0fc664868946-225x300.jpg 225w\" sizes=\"(max-width: 768px) 100vw, 768px\" \/>\t\t\t\t\t\t\t\t\t\t\t\t\t\t\t<\/div>\n\t\t\t\t<\/div>\n\t\t\t\t\t<\/div>\n\t\t<\/div>\n\t\t\t\t\t<\/div>\n\t\t<\/section>\n\t\t\t\t<\/div>","protected":false},"excerpt":{"rendered":"<p>Philosophie Lassen Sie sich von unserer griechischen K\u00fcche verzaubern. Lassen Sie sich von unseren k\u00f6stlichen Speisen und einer umfassenden Auswahl an erfrischenden Getr\u00e4nken verw\u00f6hnen. Probieren Sie die Salate oder die abwechslungsreichen regionalen Gerichte, kreiert mit Liebe von unseren K\u00f6chen. Zum Nachmittag kehren viele bei uns wegen des Baklava oder des Desserts ein. Auch als Nachspeise [&hellip;]<\/p>","protected":false},"author":1,"featured_media":0,"parent":0,"menu_order":0,"comment_status":"closed","ping_status":"closed","template":"","meta":{"inline_featured_image":false,"site-sidebar-layout":"no-sidebar","site-content-layout":"page-builder","ast-site-content-layout":"","site-content-style":"default","site-sidebar-style":"default","ast-global-header-display":"","ast-banner-title-visibility":"","ast-main-header-display":"","ast-hfb-above-header-display":"","ast-hfb-below-header-display":"","ast-hfb-mobile-header-display":"","site-post-title":"disabled","ast-breadcrumbs-content":"","ast-featured-img":"disabled","footer-sml-layout":"","theme-transparent-header-meta":"","adv-header-id-meta":"","stick-header-meta":"","header-above-stick-meta":"","header-main-stick-meta":"","header-below-stick-meta":"","astra-migrate-meta-layouts":"default","ast-page-background-enabled":"default","ast-page-background-meta":{"desktop":{"background-color":"var(--ast-global-color-4)","background-image":"","background-repeat":"repeat","background-position":"center center","background-size":"auto","background-attachment":"scroll","background-type":"","background-media":"","overlay-type":"","overlay-color":"","overlay-opacity":"","overlay-gradient":""},"tablet":{"background-color":"","background-image":"","background-repeat":"repeat","background-position":"center center","background-size":"auto","background-attachment":"scroll","background-type":"","background-media":"","overlay-type":"","overlay-color":"","overlay-opacity":"","overlay-gradient":""},"mobile":{"background-color":"","background-image":"","background-repeat":"repeat","background-position":"center center","background-size":"auto","background-attachment":"scroll","background-type":"","background-media":"","overlay-type":"","overlay-color":"","overlay-opacity":"","overlay-gradient":""}},"ast-content-background-meta":{"desktop":{"background-color":"var(--ast-global-color-5)","background-image":"","background-repeat":"repeat","background-position":"center center","background-size":"auto","background-attachment":"scroll","background-type":"","background-media":"","overlay-type":"","overlay-color":"","overlay-opacity":"","overlay-gradient":""},"tablet":{"background-color":"var(--ast-global-color-5)","background-image":"","background-repeat":"repeat","background-position":"center center","background-size":"auto","background-attachment":"scroll","background-type":"","background-media":"","overlay-type":"","overlay-color":"","overlay-opacity":"","overlay-gradient":""},"mobile":{"background-color":"var(--ast-global-color-5)","background-image":"","background-repeat":"repeat","background-position":"center center","background-size":"auto","background-attachment":"scroll","background-type":"","background-media":"","overlay-type":"","overlay-color":"","overlay-opacity":"","overlay-gradient":""}},"footnotes":""},"class_list":["post-143","page","type-page","status-publish","hentry"],"yoast_head":"<!-- This site is optimized with the Yoast SEO plugin v24.2 - https:\/\/yoast.com\/wordpress\/plugins\/seo\/ -->\n<title>\u00dcber uns - ALFA Restaurant<\/title>\n<meta name=\"robots\" content=\"index, follow, max-snippet:-1, max-image-preview:large, max-video-preview:-1\" \/>\n<link rel=\"canonical\" href=\"http:\/\/restaurantalfa.de\/en\/ueberuns\/\" \/>\n<meta property=\"og:locale\" content=\"en_US\" \/>\n<meta property=\"og:type\" content=\"article\" \/>\n<meta property=\"og:title\" content=\"\u00dcber uns - ALFA Restaurant\" \/>\n<meta property=\"og:description\" content=\"Philosophie Lassen Sie sich von unserer griechischen K\u00fcche verzaubern. Lassen Sie sich von unseren k\u00f6stlichen Speisen und einer umfassenden Auswahl an erfrischenden Getr\u00e4nken verw\u00f6hnen. Probieren Sie die Salate oder die abwechslungsreichen regionalen Gerichte, kreiert mit Liebe von unseren K\u00f6chen. Zum Nachmittag kehren viele bei uns wegen des Baklava oder des Desserts ein. Auch als Nachspeise [&hellip;]\" \/>\n<meta property=\"og:url\" content=\"http:\/\/restaurantalfa.de\/en\/ueberuns\/\" \/>\n<meta property=\"og:site_name\" content=\"ALFA Restaurant\" \/>\n<meta property=\"article:modified_time\" content=\"2022-06-21T23:56:20+00:00\" \/>\n<meta property=\"og:image\" content=\"https:\/\/restaurantalfa.de\/wp-content\/uploads\/2021\/12\/4e10fd0a-d8de-464e-9e85-0fc664868946.jpg\" \/>\n<meta name=\"twitter:card\" content=\"summary_large_image\" \/>\n<meta name=\"twitter:label1\" content=\"Est. reading time\" \/>\n\t<meta name=\"twitter:data1\" content=\"1 minute\" \/>\n<script type=\"application\/ld+json\" class=\"yoast-schema-graph\">{\"@context\":\"https:\/\/schema.org\",\"@graph\":[{\"@type\":\"WebPage\",\"@id\":\"http:\/\/restaurantalfa.de\/en\/ueberuns\/\",\"url\":\"http:\/\/restaurantalfa.de\/en\/ueberuns\/\",\"name\":\"\u00dcber uns - ALFA Restaurant\",\"isPartOf\":{\"@id\":\"https:\/\/restaurantalfa.de\/#website\"},\"primaryImageOfPage\":{\"@id\":\"http:\/\/restaurantalfa.de\/en\/ueberuns\/#primaryimage\"},\"image\":{\"@id\":\"http:\/\/restaurantalfa.de\/en\/ueberuns\/#primaryimage\"},\"thumbnailUrl\":\"https:\/\/restaurantalfa.de\/wp-content\/uploads\/2021\/12\/4e10fd0a-d8de-464e-9e85-0fc664868946.jpg\",\"datePublished\":\"2021-12-15T18:53:05+00:00\",\"dateModified\":\"2022-06-21T23:56:20+00:00\",\"breadcrumb\":{\"@id\":\"http:\/\/restaurantalfa.de\/en\/ueberuns\/#breadcrumb\"},\"inLanguage\":\"en-US\",\"potentialAction\":[{\"@type\":\"ReadAction\",\"target\":[\"http:\/\/restaurantalfa.de\/en\/ueberuns\/\"]}]},{\"@type\":\"ImageObject\",\"inLanguage\":\"en-US\",\"@id\":\"http:\/\/restaurantalfa.de\/en\/ueberuns\/#primaryimage\",\"url\":\"https:\/\/restaurantalfa.de\/wp-content\/uploads\/2021\/12\/4e10fd0a-d8de-464e-9e85-0fc664868946.jpg\",\"contentUrl\":\"https:\/\/restaurantalfa.de\/wp-content\/uploads\/2021\/12\/4e10fd0a-d8de-464e-9e85-0fc664868946.jpg\"},{\"@type\":\"BreadcrumbList\",\"@id\":\"http:\/\/restaurantalfa.de\/en\/ueberuns\/#breadcrumb\",\"itemListElement\":[{\"@type\":\"ListItem\",\"position\":1,\"name\":\"Startseite\",\"item\":\"https:\/\/restaurantalfa.de\/\"},{\"@type\":\"ListItem\",\"position\":2,\"name\":\"\u00dcber uns\"}]},{\"@type\":\"WebSite\",\"@id\":\"https:\/\/restaurantalfa.de\/#website\",\"url\":\"https:\/\/restaurantalfa.de\/\",\"name\":\"ALFA Restaurant\",\"description\":\"Griechisch &amp; Mediterran Restaurant in Leipzig\",\"publisher\":{\"@id\":\"https:\/\/restaurantalfa.de\/#organization\"},\"potentialAction\":[{\"@type\":\"SearchAction\",\"target\":{\"@type\":\"EntryPoint\",\"urlTemplate\":\"https:\/\/restaurantalfa.de\/?s={search_term_string}\"},\"query-input\":{\"@type\":\"PropertyValueSpecification\",\"valueRequired\":true,\"valueName\":\"search_term_string\"}}],\"inLanguage\":\"en-US\"},{\"@type\":\"Organization\",\"@id\":\"https:\/\/restaurantalfa.de\/#organization\",\"name\":\"ALFA Restaurant\",\"url\":\"https:\/\/restaurantalfa.de\/\",\"logo\":{\"@type\":\"ImageObject\",\"inLanguage\":\"en-US\",\"@id\":\"https:\/\/restaurantalfa.de\/#\/schema\/logo\/image\/\",\"url\":\"https:\/\/restaurantalfa.de\/wp-content\/uploads\/2021\/12\/alfa-logo-1.png\",\"contentUrl\":\"https:\/\/restaurantalfa.de\/wp-content\/uploads\/2021\/12\/alfa-logo-1.png\",\"width\":587,\"height\":434,\"caption\":\"ALFA Restaurant\"},\"image\":{\"@id\":\"https:\/\/restaurantalfa.de\/#\/schema\/logo\/image\/\"}}]}<\/script>\n<!-- \/ Yoast SEO plugin. -->","yoast_head_json":{"title":"\u00dcber uns - ALFA Restaurant","robots":{"index":"index","follow":"follow","max-snippet":"max-snippet:-1","max-image-preview":"max-image-preview:large","max-video-preview":"max-video-preview:-1"},"canonical":"http:\/\/restaurantalfa.de\/en\/ueberuns\/","og_locale":"en_US","og_type":"article","og_title":"\u00dcber uns - ALFA Restaurant","og_description":"Philosophie Lassen Sie sich von unserer griechischen K\u00fcche verzaubern. Lassen Sie sich von unseren k\u00f6stlichen Speisen und einer umfassenden Auswahl an erfrischenden Getr\u00e4nken verw\u00f6hnen. Probieren Sie die Salate oder die abwechslungsreichen regionalen Gerichte, kreiert mit Liebe von unseren K\u00f6chen. Zum Nachmittag kehren viele bei uns wegen des Baklava oder des Desserts ein. Auch als Nachspeise [&hellip;]","og_url":"http:\/\/restaurantalfa.de\/en\/ueberuns\/","og_site_name":"ALFA Restaurant","article_modified_time":"2022-06-21T23:56:20+00:00","og_image":[{"url":"https:\/\/restaurantalfa.de\/wp-content\/uploads\/2021\/12\/4e10fd0a-d8de-464e-9e85-0fc664868946.jpg","type":"","width":"","height":""}],"twitter_card":"summary_large_image","twitter_misc":{"Est. reading time":"1 minute"},"schema":{"@context":"https:\/\/schema.org","@graph":[{"@type":"WebPage","@id":"http:\/\/restaurantalfa.de\/en\/ueberuns\/","url":"http:\/\/restaurantalfa.de\/en\/ueberuns\/","name":"\u00dcber uns - ALFA Restaurant","isPartOf":{"@id":"https:\/\/restaurantalfa.de\/#website"},"primaryImageOfPage":{"@id":"http:\/\/restaurantalfa.de\/en\/ueberuns\/#primaryimage"},"image":{"@id":"http:\/\/restaurantalfa.de\/en\/ueberuns\/#primaryimage"},"thumbnailUrl":"https:\/\/restaurantalfa.de\/wp-content\/uploads\/2021\/12\/4e10fd0a-d8de-464e-9e85-0fc664868946.jpg","datePublished":"2021-12-15T18:53:05+00:00","dateModified":"2022-06-21T23:56:20+00:00","breadcrumb":{"@id":"http:\/\/restaurantalfa.de\/en\/ueberuns\/#breadcrumb"},"inLanguage":"en-US","potentialAction":[{"@type":"ReadAction","target":["http:\/\/restaurantalfa.de\/en\/ueberuns\/"]}]},{"@type":"ImageObject","inLanguage":"en-US","@id":"http:\/\/restaurantalfa.de\/en\/ueberuns\/#primaryimage","url":"https:\/\/restaurantalfa.de\/wp-content\/uploads\/2021\/12\/4e10fd0a-d8de-464e-9e85-0fc664868946.jpg","contentUrl":"https:\/\/restaurantalfa.de\/wp-content\/uploads\/2021\/12\/4e10fd0a-d8de-464e-9e85-0fc664868946.jpg"},{"@type":"BreadcrumbList","@id":"http:\/\/restaurantalfa.de\/en\/ueberuns\/#breadcrumb","itemListElement":[{"@type":"ListItem","position":1,"name":"Startseite","item":"https:\/\/restaurantalfa.de\/"},{"@type":"ListItem","position":2,"name":"\u00dcber uns"}]},{"@type":"WebSite","@id":"https:\/\/restaurantalfa.de\/#website","url":"https:\/\/restaurantalfa.de\/","name":"ALFA Restaurant","description":"Griechisch &amp; Mediterran Restaurant in Leipzig","publisher":{"@id":"https:\/\/restaurantalfa.de\/#organization"},"potentialAction":[{"@type":"SearchAction","target":{"@type":"EntryPoint","urlTemplate":"https:\/\/restaurantalfa.de\/?s={search_term_string}"},"query-input":{"@type":"PropertyValueSpecification","valueRequired":true,"valueName":"search_term_string"}}],"inLanguage":"en-US"},{"@type":"Organization","@id":"https:\/\/restaurantalfa.de\/#organization","name":"ALFA Restaurant","url":"https:\/\/restaurantalfa.de\/","logo":{"@type":"ImageObject","inLanguage":"en-US","@id":"https:\/\/restaurantalfa.de\/#\/schema\/logo\/image\/","url":"https:\/\/restaurantalfa.de\/wp-content\/uploads\/2021\/12\/alfa-logo-1.png","contentUrl":"https:\/\/restaurantalfa.de\/wp-content\/uploads\/2021\/12\/alfa-logo-1.png","width":587,"height":434,"caption":"ALFA Restaurant"},"image":{"@id":"https:\/\/restaurantalfa.de\/#\/schema\/logo\/image\/"}}]}},"_links":{"self":[{"href":"https:\/\/restaurantalfa.de\/en\/wp-json\/wp\/v2\/pages\/143","targetHints":{"allow":["GET"]}}],"collection":[{"href":"https:\/\/restaurantalfa.de\/en\/wp-json\/wp\/v2\/pages"}],"about":[{"href":"https:\/\/restaurantalfa.de\/en\/wp-json\/wp\/v2\/types\/page"}],"author":[{"embeddable":true,"href":"https:\/\/restaurantalfa.de\/en\/wp-json\/wp\/v2\/users\/1"}],"replies":[{"embeddable":true,"href":"https:\/\/restaurantalfa.de\/en\/wp-json\/wp\/v2\/comments?post=143"}],"version-history":[{"count":0,"href":"https:\/\/restaurantalfa.de\/en\/wp-json\/wp\/v2\/pages\/143\/revisions"}],"wp:attachment":[{"href":"https:\/\/restaurantalfa.de\/en\/wp-json\/wp\/v2\/media?parent=143"}],"curies":[{"name":"wp","href":"https:\/\/api.w.org\/{rel}","templated":true}]}}